{"id":8553,"date":"2026-02-19T09:53:18","date_gmt":"2026-02-19T08:53:18","guid":{"rendered":"https:\/\/www.pomsdelalezardiere.fr\/?page_id=8553"},"modified":"2026-03-07T14:35:34","modified_gmt":"2026-03-07T13:35:34","slug":"foods-to-avoid","status":"publish","type":"page","link":"https:\/\/www.pomsdelalezardiere.fr\/en\/grooming-nutrition\/foods-to-avoid\/","title":{"rendered":"Foods to avoid"},"content":{"rendered":"<p>[vc_row full_width=&#8221;stretch_row_content&#8221; el_class=&#8221;bg-color-2 bg-patte-left&#8221;][vc_column][vc_column_text]<\/p>\n<h1 style=\"text-align: center;\">Foods to avoid<\/h1>\n<h2 style=\"text-align: center;\">They are very harmful and even deadly to our pets.<\/h2>\n<p>[\/vc_column_text][\/vc_column][\/vc_row][vc_row full_width=&#8221;stretch_row_content&#8221; equal_height=&#8221;yes&#8221; content_placement=&#8221;middle&#8221; el_class=&#8221;bg-color-2&#8243;][vc_column width=&#8221;1\/2&#8243;][vc_empty_space height=&#8221;10rem&#8221;][vc_column_text]Animals have a digestive system and metabolism that differ from ours. It is essential to understand that many substances that are harmless or even beneficial to humans can be extremely toxic or even fatal to our pets.<\/p>\n<p>The toxicity of certain types of food can be explained by the presence of specific chemical compounds that their bodies cannot process effectively.<\/p>\n<p>If swallowed, call and consult your vet.<\/p>\n<p>Veterinary Emergencies (free call): 3115[\/vc_column_text][vc_empty_space height=&#8221;2rem&#8221;][vc_column_text]<\/p>\n<ol>\n<li><a href=\"#section-alcool\">Alcohol<\/a><\/li>\n<li><a href=\"#section-chocolat\">Chocolate<\/a><\/li>\n<li><a href=\"#section-cafeine\">Caffeine<\/a><\/li>\n<li><a href=\"#section-viande\">Fatty meats and salted meats<\/a><\/li>\n<li><a href=\"#section-os\">Cooked bones<\/a><\/li>\n<li><a href=\"#section-champignon\">Mushrooms<\/a><\/li>\n<li><a href=\"#section-oignon\">Onions, leeks, chives<\/a><\/li>\n<li><a href=\"#section-avocat\">Avocado<\/a><\/li>\n<li><a href=\"#section-tomate\">Green tomatoes, aubergines, peppers, raw potatoes<\/a><\/li>\n<li><a href=\"#section-raisin\">Grapes and dried grapes<\/a><\/li>\n<li><a href=\"#section-noyau\">Fruit pits, seeds, stems, and leaves<\/a><\/li>\n<li><a href=\"#section-citron\">Lemons and citrus fruits<\/a><\/li>\n<li><a href=\"#section-thon\">Tinned tuna<\/a><\/li>\n<li><a href=\"#section-noix\">Nuts<\/a><\/li>\n<li><a href=\"#section-sucre\">Sugary foods<\/a><\/li>\n<li><a href=\"#section-framboise\">Raspberries<\/a><\/li>\n<li><a href=\"#section-ail\">Garlic<\/a><\/li>\n<li><a href=\"#section-lait\">Milk products<\/a><\/li>\n<li><a href=\"#section-chou\">Cabbage, broccoli, turnip<\/a><\/li>\n<li><a href=\"#section-groseille\">Redcurrants and blackcurrants<\/a><\/li>\n<li><a href=\"#section-oeuf\">Egg white<\/a><\/li>\n<li><a href=\"#section-friandise\">Industrial confectionery<\/a><\/li>\n<li><a href=\"#section-pain\">Bread<\/a><\/li>\n<li><a href=\"#section-rhubarbe\">Rhubarb<\/a><\/li>\n<\/ol>\n<p>[\/vc_column_text][\/vc_column][vc_column width=&#8221;1\/2&#8243;][vc_single_image image=&#8221;8541&#8243; img_size=&#8221;large&#8221;][\/vc_column][\/vc_row][vc_row full_width=&#8221;stretch_row_content&#8221; el_class=&#8221;bg-color-1&#8243;][vc_column][vc_column_text]<\/p>\n<h2 style=\"text-align: center;\">I &#8211; Foods to avoid (non-exhaustive list)<\/h2>\n<p>[\/vc_column_text][\/vc_column][\/vc_row][vc_row el_id=&#8221;section-alcool&#8221;][vc_column][vc_column_text]<\/p>\n<h3 style=\"text-align: center;\">1- Alcohol<\/h3>\n<p>Consuming even a small amount of alcohol can disorient dogs, making them nervous or even aggressive. A large dose can inhibit the central nervous system, breathing and heart rate, leading to death.<\/p>\n<div class=\"page\" title=\"Page 3\">\n<div class=\"section\">\n<div class=\"layoutArea\">\n<div class=\"column\">\n<p>The published lethal oral dose of pure ethanol in dogs is 5.5 to 7.9 grams per kilogram of body weight.<\/p>\n<\/div>\n<\/div>\n<\/div>\n<\/div>\n<p>[\/vc_column_text][\/vc_column][\/vc_row][vc_row el_id=&#8221;section-chocolat&#8221;][vc_column][vc_column_text]<\/p>\n<h3 style=\"text-align: center;\">2 &#8211; Chocolate<\/h3>\n<p>Chocolate is dangerous for animals because it contains theobromine, a component that acts as a cardiac stimulant and diuretic. A large piece of chocolate can cause vomiting, diarrhoea and, above all, hyperactivity. Theobromine will either increase the heart rate or cause irregular heartbeats. Death is even possible. Large quantities of chocolate can poison or even kill a large dog.<\/p>\n<div class=\"page\" title=\"Page 2\">\n<div class=\"section\">\n<div class=\"layoutArea\">\n<div class=\"column\">\n<p>Dark chocolate and baking chocolate are much more dangerous than milk chocolate. For example, a dose of 55 grams of milk chocolate per kilogram of body weight is potentially lethal, but a much smaller amount of dark chocolate can also be lethal due to its higher theobromine content. This means that the concentration of chocolate is often more important than the amount ingested.<\/p>\n<\/div>\n<\/div>\n<\/div>\n<\/div>\n<p>[\/vc_column_text][\/vc_column][\/vc_row][vc_row el_id=&#8221;section-cafeine&#8221;][vc_column][vc_column_text]<\/p>\n<h3 style=\"text-align: center;\">3- Caffeine<\/h3>\n<p>Like chocolate, caffeine stimulates the central nervous system and the cardiac systems, and in the hours that follow, it can cause vomiting, agitation, heart palpitations, and even death.[\/vc_column_text][\/vc_column][\/vc_row][vc_row el_id=&#8221;section-viande&#8221;][vc_column][vc_column_text]<\/p>\n<h3 style=\"text-align: center;\">4- Fatty and salted meats<\/h3>\n<p>Fatty meats such as ham, pork or beef can cause problems for the pancreas and promote stomach twisting by causing the dog to drink large quantities of water.<\/p>\n<div class=\"page\" title=\"Page 4\">\n<div class=\"section\">\n<div class=\"layoutArea\">\n<div class=\"column\">\n<p>Fat trimmings, although often perceived as a treat, can be very dangerous. Their high fat content can trigger pancreatitis, a painful inflammation.<\/p>\n<\/div>\n<\/div>\n<\/div>\n<\/div>\n<p>Spicy meats can also be problematic. Spices such as pepper, chilli or curry irritate the stomach and can lead to vomiting and diarrhoea.<\/p>\n<p>Salted meat sausages are very dangerous for dogs. They cause stomach pain and pancreatitis. This is because the salt in these meats can cause unusual water consumption and produce gas that can kill the animal.[\/vc_column_text][\/vc_column][\/vc_row][vc_row el_id=&#8221;section-os&#8221;][vc_column][vc_column_text]<\/p>\n<h3 style=\"text-align: center;\">5- Bones<\/h3>\n<p>Cooked bones are dangerous for dogs. Bones become brittle when cooked, which causes them to splinter when broken. Splinters have sharp edges and can get stuck in teeth, cause choking or perforate the stomach and intestinal walls.<\/p>\n<p>Never give your dog chicken or rabbit bones. Instead, give them beef cartilage.[\/vc_column_text][\/vc_column][\/vc_row][vc_row el_id=&#8221;section-champignon&#8221;][vc_column][vc_column_text]<\/p>\n<h3 style=\"text-align: center;\">6- Mushrooms<\/h3>\n<p>Just as in humans, mushroom poisoning can be fatal and cause serious liver problems and neurological disorders.[\/vc_column_text][\/vc_column][\/vc_row][vc_row el_id=&#8221;section-oignon&#8221;][vc_column][vc_column_text]<\/p>\n<h3 style=\"text-align: center;\">7- Onions, leeks and chives<\/h3>\n<p>They are toxic to dogs because they contain allyl and propyl disulphide, which damages red blood cells and can cause death. This means that red blood cells are destroyed prematurely in the blood, while their production rate remains normal.<\/p>\n<div class=\"page\" title=\"Page 3\">\n<div class=\"section\">\n<div class=\"layoutArea\">\n<div class=\"column\">\n<p>As little as 5 grams of garlic or onion per kilogram of body weight can be highly toxic, whether the food is fresh, grilled, cooked or dried. This means that cooking does not neutralise the toxins, and even small repeated exposures, for example via table scraps, can accumulate to reach a dangerous dose. Consumption of 15 to 30 grams per kilogram of body weight has led to clinically significant haematological changes.<\/p>\n<\/div>\n<\/div>\n<\/div>\n<\/div>\n<p>Poisoning can occur either through ingestion of large quantities or through repeated ingestion of smaller quantities.<\/p>\n<p>The key symptoms of this poisoning include weakness, lethargy, pale gums (a sign of anaemia) and red or brown urine (due to the destruction of red blood cells), as well as shortness of breath.<\/p>\n<div class=\"page\" title=\"Page 3\">\n<div class=\"section\">\n<div class=\"layoutArea\">\n<div class=\"column\">\n<p>&nbsp;<\/p>\n<\/div>\n<\/div>\n<\/div>\n<\/div>\n<p>[\/vc_column_text][\/vc_column][\/vc_row][vc_row el_id=&#8221;section-avocat&#8221;][vc_column][vc_column_text]<\/p>\n<h3 style=\"text-align: center;\">8- avocado<\/h3>\n<p>Avocados are rich in fats.<\/p>\n<p>Avocados contain persin, a fungicidal toxin (i.e. one that kills fungi) found mainly in the pit, skin and sometimes also in the flesh. This substance is toxic to the hearts of domestic animals, including dogs: more specifically, it causes necrosis of the myocardial tissue (the epithelium). However, it is considered harmless to humans.<\/p>\n<p>It causes stomach pain, vomiting, abdominal swelling, cardiorespiratory problems, pulmonary oedema, etc.[\/vc_column_text][\/vc_column][\/vc_row][vc_row el_id=&#8221;section-tomate&#8221;][vc_column][vc_column_text]<\/p>\n<h3 style=\"text-align: center;\">9- Green tomatoes, aubergines, peppers and raw potatoes<\/h3>\n<p>These raw vegetables contain solanine, a substance that is toxic to our pets.<\/p>\n<div class=\"page\" title=\"Page 5\">\n<div class=\"section\">\n<div class=\"layoutArea\">\n<div class=\"column\">\n<p>Sprouted tubers or green parts of potatoes are particularly dangerous. Ingestion can cause abdominal pain, digestive problems and sometimes nervous disorders.<\/p>\n<\/div>\n<\/div>\n<\/div>\n<\/div>\n<p>It should be noted that well-cooked potatoes pose no danger.[\/vc_column_text][\/vc_column][\/vc_row][vc_row el_id=&#8221;section-raisin&#8221;][vc_column][vc_column_text]<\/p>\n<h3 style=\"text-align: center;\">10- Grapes and dried grapes<\/h3>\n<div class=\"page\" title=\"Page 2\">\n<div class=\"section\">\n<div class=\"layoutArea\">\n<div class=\"column\">\n<p>Grapes and dried grapes are known to cause acute kidney failure in dogs. The substance responsible for this toxicity is tartaric acid.<br \/>\nThe lowest documented toxic dose is remarkably small: between 0.32 and 0.65 ounces (approximately 9 to 18 grams) per kilogram of body weight, which is equivalent to only 4 to 5 grapes. It is important to note that individual dogs&#8217; sensitivity to this toxin is unpredictable, and even small amounts can be dangerous for some animals. Symptoms of toxicity usually appear within 6 to 12 hours after ingestion and include vomiting and\/or diarrhoea, lethargy, anorexia, excessive thirst (polydipsia), and dehydration. Elevated serum creatinine and blood urea nitrogen concentrations, markers of renal function, are also observed. The condition may progress to oliguric or anuric renal failure (decreased or absent urine production) within 24 to 48 hours, which can be fatal.<\/p>\n<\/div>\n<\/div>\n<\/div>\n<\/div>\n<p>[\/vc_column_text][\/vc_column][\/vc_row][vc_row el_id=&#8221;section-noyau&#8221;][vc_column][vc_column_text]<\/p>\n<h3 style=\"text-align: center;\">11- The pits, seeds, stems and leaves of fruits (cherries, apricots, peaches, etc.)<\/h3>\n<p>Many seeds and pits, stems and leaves contain amygdalin, a substance with a distinctive bitter almond smell. When ingested, it is converted by an enzyme in the digestive system into hydrogen cyanide, which is extremely toxic to dogs, humans and other animals.<\/p>\n<p>Symptoms include vomiting, diarrhoea, breathing difficulties, lethargy&#8230;[\/vc_column_text][vc_empty_space height=&#8221;2rem&#8221;][vc_column_text]It is also important to note that fruit and vegetables treated with pesticides can be harmful, even after thorough washing.[\/vc_column_text][\/vc_column][\/vc_row][vc_row el_id=&#8221;section-citron&#8221;][vc_column][vc_column_text]<\/p>\n<h3 style=\"text-align: center;\">12- Lemons and citrus fruits<\/h3>\n<p>These fruits contain chemical compounds called psoralens, which damage the liver and can cause poisoning of varying severity (even fatal) depending on the amount ingested. Psoralens are mainly found in the skin and seeds, but are also present in smaller quantities in the flesh.<\/p>\n<p>Various symptoms may appear: vomiting, stomach ache, diarrhoea, etc. In cases of severe poisoning, other symptoms (including neurological symptoms) may appear: tremors, difficulty moving, liver failure, and even death in the most serious cases.[\/vc_column_text][\/vc_column][\/vc_row][vc_row el_id=&#8221;section-thon&#8221;][vc_column][vc_column_text]<\/p>\n<h3 style=\"text-align: center;\">13- Tinned tuna<\/h3>\n<p>Tuna provides omega 3 and 6, but does not contain an amino acid called taurine, which maintains heart muscle strength. It also lacks essential nutrients such as vitamins A and D and calcium. In addition, it contains mercury. Tuna is also very high in salt, which can cause serious kidney problems.<\/p>\n<p>Depending on the brand, some boxes contain bisphenol A, which is potentially carcinogenic. Other toxic elements such as arsenic and cadmium may also be detected. As a precautionary measure, it is best to avoid giving them to your pet.[\/vc_column_text][\/vc_column][\/vc_row][vc_row el_id=&#8221;section-noix&#8221;][vc_column][vc_column_text]<\/p>\n<h3 style=\"text-align: center;\">14- Nuts<\/h3>\n<p>Cashew nuts and macadamia nuts attack the nervous system and cause digestive problems.<\/p>\n<div class=\"page\" title=\"Page 4\">\n<div class=\"section\">\n<div class=\"layoutArea\">\n<div class=\"column\">\n<p>Macadamia nuts contain cyanogenic compounds which, when hydrolysed, release hydrogen cyanide (HCN), a toxic substance that affects dogs&#8217; digestive and nervous systems.<\/p>\n<\/div>\n<\/div>\n<\/div>\n<\/div>\n<p>Given that a walnut weighs around 3 grams, this means that just two or three are enough to cause poisoning in smaller breeds of dog, which weigh between 2 and 4 kg.<\/p>\n<div class=\"page\" title=\"Page 4\">\n<div class=\"section\">\n<div class=\"layoutArea\">\n<div class=\"column\">\n<p>Symptoms include weakness, depression, vomiting, tremors and hyperthermia. Nerve and muscle damage may also occur. It is important to note that other varieties of nuts, depending on their size, can cause intestinal obstruction if swallowed.<\/p>\n<\/div>\n<\/div>\n<\/div>\n<\/div>\n<p>[\/vc_column_text][\/vc_column][\/vc_row][vc_row el_id=&#8221;section-sucre&#8221;][vc_column][vc_column_text]<\/p>\n<h3 style=\"text-align: center;\">15- Sweet foods<\/h3>\n<p>They may contain xylitol, a sweetener that is toxic to dogs. Xylitol can cause a rapid drop in a dog&#8217;s blood sugar levels, leading to symptoms such as stomach ache, weakness, convulsions and, in the most serious cases, liver failure. You should also be careful not to leave chewing gum within sight of your pet, as these sweets could kill your pet.<\/p>\n<div class=\"page\" title=\"Page 2\">\n<div class=\"section\">\n<div class=\"layoutArea\">\n<div class=\"column\">\n<p>Ingesting more than 0.1 grams of xylitol per kilogram of body weight can cause hypoglycaemia. At doses above 0.5 grams per kilogram, xylitol can cause acute liver failure. The rapid onset of hypoglycaemia and xylitol&#8217;s ability to affect two vital organs (the pancreas, which regulates blood sugar levels, and the liver) make this type of poisoning particularly dangerous. Depending on the concentration of xylitol, consuming just one to three pieces of chewing gum can be enough to kill a 10-kilogram dog.<\/p>\n<p>The key symptoms of xylitol poisoning include weakness, lethargy, vomiting, loss of coordination, convulsions, and coma.<\/p>\n<\/div>\n<\/div>\n<\/div>\n<\/div>\n<p>[\/vc_column_text][\/vc_column][\/vc_row][vc_row el_id=&#8221;section-framboise&#8221;][vc_column][vc_column_text]<\/p>\n<h3 style=\"text-align: center;\">16- Raspberries<\/h3>\n<p>Raspberries contain xylitol. This is a natural sweetener of plant origin: it has the same taste and sweetening power as sucrose, but without the disadvantages of sugar. This explains why it is commonly used in desserts, sweets, syrups&#8230; and all kinds of so-called \u2018low-calorie\u2019 products.<\/p>\n<p>Unfortunately, while this sweetener is safe for humans and even cats, it is highly toxic to dogs. When dogs consume it, their bodies produce large amounts of insulin, causing a sudden and potentially fatal drop in blood sugar levels. A few raspberries are not dangerous, but a large quantity can be enough to kill a small dog&#8230;<\/p>\n<p>Xylitol is also found in other berries, corn, lettuce, etc., but in smaller quantities.[\/vc_column_text][\/vc_column][\/vc_row][vc_row full_width=&#8221;stretch_row_content&#8221; el_class=&#8221;bg-color-1&#8243;][vc_column][vc_column_text]<\/p>\n<h2 style=\"text-align: center;\">II Foods to avoid (non-exhaustive list)<\/h2>\n<p>[\/vc_column_text][\/vc_column][\/vc_row][vc_row el_id=&#8221;section-ail&#8221;][vc_column][vc_column_text]<\/p>\n<h3 style=\"text-align: center;\">17- Garlic<\/h3>\n<p>Contains a toxic substance, thiosulphate, but it appears to be less toxic than onions and large quantities would need to be consumed to cause poisoning.[\/vc_column_text][\/vc_column][\/vc_row][vc_row el_id=&#8221;section-lait&#8221;][vc_column][vc_column_text]<\/p>\n<h3 style=\"text-align: center;\">18- Milk products<\/h3>\n<p>Milk products often have adverse effects due to lactose intolerance, a sugar found in milk and its derivatives. This can cause digestive problems such as diarrhoea, constipation or vomiting. Dogs may also suffer from cramps and, in severe cases, dehydration.<\/p>\n<p>Some individuals may also be sensitive to casein, the main protein in milk, and develop an allergy. It is therefore important to exercise caution and only give them dairy products specifically formulated for dogs, or refrain from giving them any at all.[\/vc_column_text][\/vc_column][\/vc_row][vc_row el_id=&#8221;section-choux&#8221;][vc_column][vc_column_text]<\/p>\n<h3 style=\"text-align: center;\">19- Cabbage, broccoli, turnip<\/h3>\n<p>&nbsp;<\/p>\n<p style=\"text-align: left;\">Cauliflower is a source of fibre, vitamin K, potassium and folic acid. All of these are excellent for your dog&#8217;s eyes, blood, immune system, liver and muscles.<\/p>\n<p style=\"text-align: left;\">Broccoli is low in calories and high in fibre. This is good for weight control and for keeping the digestive system working properly.<\/p>\n<p style=\"text-align: left;\">However, caution is advised as these foods contain isothiocyanates.<\/p>\n<p style=\"text-align: left;\">Une trop grande quantit\u00e9 de cette substance donnera des maux de ventre \u00e0 votre chien et peut provoquer de la diarrh\u00e9e et des vomissements.<\/p>\n<p>Give in small quantities.[\/vc_column_text][\/vc_column][\/vc_row][vc_row el_id=&#8221;section-groseille&#8221;][vc_column][vc_column_text]<\/p>\n<h3 style=\"text-align: center;\">20- Redcurrants and blackcurrants<\/h3>\n<p>Like redcurrants, blackcurrants cause severe kidney failure in pets, particularly dogs, when ingested. However, the cause of this toxicity is not yet known: it could be due to a mycotoxin present in the fruit, or to substances called salicylates.<\/p>\n<p>This causes kidney failure, which manifests itself in a lack of appetite, diarrhoea, vomiting, abdominal pain, intense thirst, decreased urine output, and lethargy.[\/vc_column_text][\/vc_column][\/vc_row][vc_row el_id=&#8221;section-oeuf&#8221;][vc_column][vc_column_text]<\/p>\n<h3 style=\"text-align: center;\">21- Egg white<\/h3>\n<p>Contains avidin, which destroys biotin, vitamin B8, useful for protein and fat metabolism.[\/vc_column_text][\/vc_column][\/vc_row][vc_row el_id=&#8221;section-friandise&#8221;][vc_column][vc_column_text]<\/p>\n<h3 style=\"text-align: center;\">22- Industrial treats<\/h3>\n<p>They may contain additives and preservatives that are not suitable for their bodies. In addition, they are often high in sugar and fat, which can lead to obesity and other health problems such as diabetes.[\/vc_column_text][\/vc_column][\/vc_row][vc_row el_id=&#8221;section-pain&#8221;][vc_column][vc_column_text]<\/p>\n<h3 style=\"text-align: center;\">23- Bread<\/h3>\n<p>Baker&#8217;s yeast, found in raw bread dough, is toxic. It can cause alcohol poisoning because yeast ferments the sugars in the dough into alcohol.<\/p>\n<div class=\"page\" title=\"Page 3\">\n<div class=\"section\">\n<div class=\"layoutArea\">\n<div class=\"column\">\n<p>Raw yeast dough poses a double danger. Firstly, the fermentation of yeast in a dog&#8217;s stomach produces alcohol, leading to alcohol poisoning similar to that caused by direct alcohol consumption. Secondly, this fermentation also generates carbon dioxide, which causes gas build-up and abdominal distension. This distension can progress to gastric dilatation and volvulus, a potentially fatal condition in which the stomach twists on itself.<\/p>\n<\/div>\n<\/div>\n<\/div>\n<\/div>\n<p>Some speciality breads may contain toxic ingredients such as dark chocolate, garlic, onion or raisins.<\/p>\n<p>It is therefore preferable to give your pet plain bread or avoid giving it bread altogether, especially if you do not know its exact composition. Bread has little nutritional value and can contribute to your pet becoming overweight.<\/p>\n<p>Contrary to popular belief, hard bread is not beneficial for oral hygiene.[\/vc_column_text][\/vc_column][\/vc_row][vc_row el_id=&#8221;section-rhubarbe&#8221;][vc_column][vc_column_text]<\/p>\n<h3 style=\"text-align: center;\">24- Rhubarb<\/h3>\n<div class=\"page\" title=\"Page 5\">\n<div class=\"section\">\n<div class=\"layoutArea\">\n<div class=\"column\">\n<p>Les feuilles de rhubarbe sont toxiques en raison de leur teneur en glucosides d&#8217;anthraquinone et en acide oxalique, qui provoquent vomissements et diarrhe\u0301es.<\/p>\n<\/div>\n<\/div>\n<\/div>\n<\/div>\n<p>[\/vc_column_text][\/vc_column][\/vc_row][vc_row full_width=&#8221;stretch_row_content&#8221; el_class=&#8221;bg-color-1&#8243;][vc_column width=&#8221;1\/3&#8243;][vc_column_text]<\/p>\n<p style=\"text-align: center;\">Emergency numbers:<\/p>\n<p>[\/vc_column_text][vc_empty_space height=&#8221;3rem&#8221;][vc_column_text]<\/p>\n<p style=\"text-align: center;\">References:<\/p>\n<p>[\/vc_column_text][\/vc_column][vc_column width=&#8221;1\/3&#8243;][vc_btn title=&#8221;Poison control centres&#8221; i_icon_fontawesome=&#8221;fas fa-phone-volume&#8221; add_icon=&#8221;true&#8221; link=&#8221;url:https%3A%2F%2Fanivetvoyage.com%2Fconseils-sante%2Fpremiers-soins-urgence%2Fcentres-anti-poison%2F|title:Poison%20control%20centres|target:%20_blank|&#8221;][vc_empty_space height=&#8221;3rem&#8221;][vc_btn title=&#8221;SCC-13 dangerous foods&#8221; i_icon_fontawesome=&#8221;fas fa-mug-hot&#8221; add_icon=&#8221;true&#8221; link=&#8221;url:https%3A%2F%2Fwww.centrale-canine.fr%2Fsites%2Fdefault%2Ffiles%2Finline-files%2FLes%252013%2520aliments%2520tr%25C3%25A8s%2520dangereux%2520et%2520toxiques.pdf|title:13%20dangerous%20foods|target:%20_blank|&#8221;][\/vc_column][vc_column width=&#8221;1\/3&#8243;][vc_btn title=&#8221;veterinary emergencies&#8221; i_icon_fontawesome=&#8221;fas fa-phone-volume&#8221; add_icon=&#8221;true&#8221; link=&#8221;url:https%3A%2F%2Fwww.112-veterinaire.com%2F|title:veterinary%20emergencies|target:%20_blank|&#8221;][vc_empty_space height=&#8221;3rem&#8221;][vc_btn title=&#8221;chien.com&#8221; align=&#8221;center&#8221; i_icon_fontawesome=&#8221;fas fa-utensils&#8221; add_icon=&#8221;true&#8221; link=&#8221;url:https%3A%2F%2Fwww.chien.com%2Falimentation|target:%20_blank|&#8221;][\/vc_column][\/vc_row][vc_row full_width=&#8221;stretch_row_content&#8221; el_class=&#8221;bg-color-2 bg-patte-left&#8221;][vc_column width=&#8221;1\/2&#8243;][vc_empty_space height=&#8221;3rem&#8221;][vc_column_text]<\/p>\n<h3 style=\"text-align: center;\">To be continued<\/h3>\n<p>[\/vc_column_text][vc_empty_space height=&#8221;3rem&#8221;][vc_btn title=&#8221;New Products&#8221; align=&#8221;center&#8221; i_icon_fontawesome=&#8221;far fa-hand-point-right&#8221; add_icon=&#8221;true&#8221; link=&#8221;url:https%3A%2F%2Fwww.pomsdelalezardiere.fr%2Fen%2Fnew-products%2F|title:New%20Products|target:%20_blank|&#8221;][\/vc_column][vc_column width=&#8221;1\/2&#8243;][vc_single_image image=&#8221;8546&#8243; img_size=&#8221;500*500&#8243;][\/vc_column][\/vc_row]<\/p>\n","protected":false},"excerpt":{"rendered":"<p>[vc_row full_width=&#8221;stretch_row_content&#8221; el_class=&#8221;bg-color-2 bg-patte-left&#8221;][vc_column][vc_column_text] Foods to avoid They are very harmful and even deadly to our pets. [\/vc_column_text][\/vc_column][\/vc_row][vc_row full_width=&#8221;stretch_row_content&#8221; equal_height=&#8221;yes&#8221; content_placement=&#8221;middle&#8221; el_class=&#8221;bg-color-2&#8243;][vc_column width=&#8221;1\/2&#8243;][vc_empty_space height=&#8221;10rem&#8221;][vc_column_text]Animals have a digestive system and metabolism that differ from ours. It is essential to understand that many substances that are harmless or even beneficial to humans can be extremely toxic or [&hellip;]<\/p>\n","protected":false},"author":3,"featured_media":0,"parent":1885,"menu_order":10,"comment_status":"closed","ping_status":"closed","template":"","meta":{"om_disable_all_campaigns":false,"_monsterinsights_skip_tracking":false,"_monsterinsights_sitenote_active":false,"_monsterinsights_sitenote_note":"","_monsterinsights_sitenote_category":0,"footnotes":""},"class_list":["post-8553","page","type-page","status-publish","hentry","no-thumb"],"aioseo_notices":[],"_links":{"self":[{"href":"https:\/\/www.pomsdelalezardiere.fr\/en\/wp-json\/wp\/v2\/pages\/8553","targetHints":{"allow":["GET"]}}],"collection":[{"href":"https:\/\/www.pomsdelalezardiere.fr\/en\/wp-json\/wp\/v2\/pages"}],"about":[{"href":"https:\/\/www.pomsdelalezardiere.fr\/en\/wp-json\/wp\/v2\/types\/page"}],"author":[{"embeddable":true,"href":"https:\/\/www.pomsdelalezardiere.fr\/en\/wp-json\/wp\/v2\/users\/3"}],"replies":[{"embeddable":true,"href":"https:\/\/www.pomsdelalezardiere.fr\/en\/wp-json\/wp\/v2\/comments?post=8553"}],"version-history":[{"count":33,"href":"https:\/\/www.pomsdelalezardiere.fr\/en\/wp-json\/wp\/v2\/pages\/8553\/revisions"}],"predecessor-version":[{"id":10807,"href":"https:\/\/www.pomsdelalezardiere.fr\/en\/wp-json\/wp\/v2\/pages\/8553\/revisions\/10807"}],"up":[{"embeddable":true,"href":"https:\/\/www.pomsdelalezardiere.fr\/en\/wp-json\/wp\/v2\/pages\/1885"}],"wp:attachment":[{"href":"https:\/\/www.pomsdelalezardiere.fr\/en\/wp-json\/wp\/v2\/media?parent=8553"}],"curies":[{"name":"wp","href":"https:\/\/api.w.org\/{rel}","templated":true}]}}